{"id":612,"date":"2016-04-10T21:39:12","date_gmt":"2016-04-10T21:39:12","guid":{"rendered":"https:\/\/www.tucanoprod.com\/pt-br\/?page_id=612"},"modified":"2020-04-22T16:08:35","modified_gmt":"2020-04-22T16:08:35","slug":"panama-autorizacao-de-residencia-permanente-cidadania","status":"publish","type":"page","link":"https:\/\/tucanoprod.com\/pt-br\/panama-autorizacao-de-residencia-permanente-cidadania\/","title":{"rendered":"Panam\u00e1 Autoriza\u00e7\u00e3o de Resid\u00eancia Permanente e Cidadania"},"content":{"rendered":"<p>Autoriza\u00e7ao de residencia permanente do Panam\u00e1 para brasileiros e portugueses atrav\u00e9s do &#8220;Panam\u00e1 Visto de Na\u00e7oes Amigas&#8221;. \u00a0Os angolanos podem escolher o &#8220;Panam\u00e1 Visto Profissional&#8221;. Cidadania depois de 5 anos, \u00e9 poss\u00edvel quase sem a presen\u00e7a f\u00edsica.<\/p>\n<h2>Panam\u00e1 Visto de Na\u00e7oes Amigas &#8211; Panama Friendly Nations Visa<\/h2>\n<p>O Panam\u00e1 Visto de Na\u00e7oes Amigas \u00e9 um dos mais baratos solu\u00e7oes de imigra\u00e7ao para profissionais com os mais baixos impostos. Panam\u00e1 oferece autoriza\u00e7ao de residencia permanente e renda origin\u00e1ria estrangeira isenta de impostos para os requerentes. Os candidatos podem obter a autoriza\u00e7ao de residencia permanente do Panam\u00e1 se eles trabalham para uma empresa no Panam\u00e1 como profissionais. Neste caso, existem algumas profissoes reservadas apenas para os cidadaos do Panam\u00e1, como arquitetos, advogados, engenheiros e m\u00e9dicos. A outra op\u00e7ao \u00e9 que os candidatos podem formar uma empresa no Panam\u00e1 (candidato pode ser diretor ou acionista).<\/p>\n<h2>Custo do Panam\u00e1 autoriza\u00e7ao de residencia permanente com Panam\u00e1 Visto de Na\u00e7oes Amigas<\/h2>\n<p>Para requerente principal:<\/p>\n<ul>\n<li>Custos legais, despesas, abertura de conta banc\u00e1ria, taxas de agencias: a partir de 5000 USD<\/li>\n<li>Autoriza\u00e7ao de trabalho: a partir de 2.000 d\u00f3lares (autoriza\u00e7ao de trabalho \u00e9 opcional, o candidato vai precisar dele se ele \/ ela quer trabalhar no Panam\u00e1)<\/li>\n<li>Formar empresa a partir de 1450 USD<\/li>\n<li>Dep\u00f3sito banc\u00e1rio: 5.000 USD (+ 2,000USD para cada dependente)<\/li>\n<\/ul>\n<p>Dependentes:<\/p>\n<ul>\n<li>Legal taxas, despesas e taxa de agencia: menores de 12 anos a partir de 1500 USD, mais de 12 anos a partir de 2200 USD<\/li>\n<\/ul>\n<h2>Principais requisitos e documentos necess\u00e1rios para o Panam\u00e1 Visto de Na\u00e7oes Amigas<\/h2>\n<ul>\n<li>Conta banc\u00e1ria com pelo menos 5.000 USD<\/li>\n<li>Oferta de Trabalho ou formar uma empresa com o requerente no conselho de administra\u00e7ao<\/li>\n<li>Limpo Boletim de Ocorrencia Policial com Apostille<\/li>\n<li>Tres fotos em tamanho Passaporte<\/li>\n<li>Carta sobre os tipos de atividades profissionais ou econ\u00f4micas no Panam\u00e1<\/li>\n<li>Carta de Responsabilidade para seus dependentes<\/li>\n<li>Dep\u00f3sito de 5.000 USD em uma conta banc\u00e1ria Panam\u00e1 como prova de solvencia<\/li>\n<\/ul>\n<h2>Os principais benef\u00edcios do Panam\u00e1 autoriza\u00e7ao de residencia permanente com Visto de Na\u00e7oes Amigas<\/h2>\n<ul>\n<li>O processo \u00e9 muito r\u00e1pido; aplica\u00e7oes sao aprovados em tempo m\u00e1ximo de dois meses.<\/li>\n<li>O requerente pode viver no Panam\u00e1 e tem o direito de obter o bilhete de identidade e a autoriza\u00e7ao de trabalho.<\/li>\n<li>Panam\u00e1 \u00e9 um pa\u00eds com regime fiscal com impostos baixos, onde a renda proveniente estrangeiro \u00e9 isento de impostos.<\/li>\n<\/ul>\n<h2>Quem \u00e9 eleg\u00edvel para o Panam\u00e1 Visto de Na\u00e7oes Amigas?<\/h2>\n<p>Cidadaos de 50 pa\u00edses podem se inscrever para o Panam\u00e1 Visto de Na\u00e7oes Amigas. Em 2012, o <a href=\"https:\/\/www.tucanoprod.com\/wp-content\/uploads\/2016\/03\/rsz_panama_professional_visa.jpg\" rel=\"attachment wp-att-579\"><img decoding=\"async\" class=\"alignright wp-image-1600 size-full\" src=\"https:\/\/www.tucanoprod.com\/wp-content\/uploads\/2016\/03\/rsz_panama_professional_visa.jpg\" alt=\"Panama Professional Visa - Panam\u00e1 Autoriza\u00e7ao de Residencia Permanente - Panama \u00e1lland\u00f3 tart\u00f3zkod\u00e1si enged\u00e9ly\" width=\"225\" height=\"169\" \/><\/a>Presidente Martinelli declarou os seguintes pa\u00edses como na\u00e7oes amigas com o Panam\u00e1 com la\u00e7os estreitos e profissionais: Andorra, Argentina, Austr\u00e1lia, \u00c1ustria, B\u00e9lgica, Brasil, Canad\u00e1, Chile, Costa Rica, Cro\u00e1cia, Chipre, Rep\u00fablica Checa, Dinamarca, Est\u00f3nia, Finl\u00e2ndia, Fran\u00e7a, Alemanha, Gr\u00e9cia, Hong Kong, Hungria, Irlanda, Israel, Japao, Let\u00f3nia, Liechtenstein, Litu\u00e2nia, Luxemburgo, Malta, Mexico, M\u00f3naco, San Marino, Montenegro, Holanda, Nova Zel\u00e2ndia, Noruega, Paraguai, Pol\u00f4nia, Portugal, S\u00e9rvia, Singapura, Eslov\u00e1quia, Espanha, \u00c1frica do Sul, Coreia do Sul, Su\u00e9cia, Su\u00ed\u00e7a, Taiwan, Estados Unidos da Am\u00e9rica, Uruguai , Reino Unido.<\/p>\n<p>Se a sua nacionalidade nao se qualifica para o Panam\u00e1 Visto de Na\u00e7oes Amigas, mas voce \u00e9 um profissional, entao voce pode aplicar para o Panam\u00e1 Visto Profissional, veja abaixo!<\/p>\n<h2>Presen\u00e7a pessoal no Panam\u00e1<\/h2>\n<p><a href=\"https:\/\/www.tucanoprod.com\/wp-content\/uploads\/2016\/03\/rsz_panama_citizenship_passport.jpg\" rel=\"attachment wp-att-580\"><img decoding=\"async\" class=\"alignleft wp-image-1602 size-full\" src=\"https:\/\/www.tucanoprod.com\/wp-content\/uploads\/2016\/03\/rsz_panama_citizenship_passport.jpg\" alt=\"Panama Citizenship Passport - Panam\u00e1 Autoriza\u00e7ao de Residencia Permanente - Panama \u00e1lland\u00f3 tart\u00f3zkod\u00e1si enged\u00e9ly\" width=\"240\" height=\"180\" \/><\/a>O candidato deve viajar duas vezes para Panam\u00e1 durante o processo de imigra\u00e7ao, se ele \/ ela quer apenas o t\u00edtulo de residencia permanente, e por tres vezes, se ele \/ ela tamb\u00e9m quer que a autoriza\u00e7ao de trabalho. Na primeira vez, o processo leva cerca de tres dias (registo oficial e da abertura da conta banc\u00e1ria).<\/p>\n<p>Durante a segunda viagem para o Panam\u00e1, o residente pega a autoriza\u00e7ao de residencia permanente. Durante a segunda viagem para o Panam\u00e1, o residente pega a autoriza\u00e7ao de residencia permanente. A terceira viagem s\u00f3 \u00e9 necess\u00e1ria se os moradores gostaria de trabalhar no Panam\u00e1 e ele \/ ela pode obter a autoriza\u00e7ao de trabalho.<\/p>\n<p>Para manter a residencia permanente, o candidato deve passar pelo menos tres dias a cada ano no Panam\u00e1.<\/p>\n<h2>Panam\u00e1 Cidadania e Passaporte<\/h2>\n<p>Ap\u00f3s o candidato obtido o estatuto de residente permanente do Panam\u00e1, ele \/ ela ser\u00e1 eleg\u00edvel para o Bilhete de Identidade do Panam\u00e1 (c\u00e9dula), eles podem se inscrever para a cidadania depois de cinco anos.<\/p>\n<h2>Panam\u00e1 Visto Professional<\/h2>\n<p>Panam\u00e1 Visto Professional \u00e9 a solu\u00e7ao perfeita para os candidatos, cujo pa\u00eds nao se qualifica para o Panam\u00e1 Visto de Na\u00e7oes Amigas. Candidatos altamente qualificados com um diploma universit\u00e1rio sao eleg\u00edveis para este programa de residencia sem restri\u00e7oes de pa\u00eds.<\/p>\n<h2>Custo do Panam\u00e1 Visto Professional<\/h2>\n<p>Requerente principal:<\/p>\n<p>Custos legais, despesas, abertura de conta banc\u00e1ria, taxas de agencias: a partir de 4000 USD<\/p>\n<p>Re-valida\u00e7ao do diploma na Universidade: a partir de 1500 USD<\/p>\n<p>Autoriza\u00e7ao de trabalho: a partir de 1500 USD<\/p>\n<p>Panam\u00e1 Visto Professional oferece dois anos de residencia, ea residencia permanente \u00e9 obtido no momento da renova\u00e7ao do visto inicial. O Panam\u00e1 Visto Professional exige a valida\u00e7ao do diploma da Universidade. Este ato deve ser feito anterior ao processo de imigra\u00e7ao. Os candidatos para o Visto Professional de Panam\u00e1 nao precisam conta banc\u00e1ria, a menos que o candidato inclui dependentes na aplica\u00e7ao.<\/p>\n<p><a href=\"https:\/\/www.tucanoprod.com\/en\/contact\/\">Pergunte aqui consulta gratuita<\/a> sobre o Panam\u00e1 Autoriza\u00e7ao de Residencia Permanente e Cidadania atrav\u00e9s do &#8220;Panam\u00e1 Visto de Na\u00e7oes Amigas&#8221; ou &#8220;Panam\u00e1 Visto Professional&#8221;!<\/p>\n","protected":false},"excerpt":{"rendered":"<p>Autoriza\u00e7ao de residencia permanente do Panam\u00e1 para brasileiros e portugueses  [&#8230;]<\/p>\n","protected":false},"author":1,"featured_media":0,"parent":0,"menu_order":0,"comment_status":"closed","ping_status":"closed","template":"","meta":{"footnotes":""},"class_list":["post-612","page","type-page","status-publish","hentry"],"yoast_head":"<!-- This site is optimized with the Yoast SEO plugin v27.5 - https:\/\/yoast.com\/product\/yoast-seo-wordpress\/ -->\n<title>Panam\u00e1 Autoriza\u00e7\u00e3o de Resid\u00eancia Permanente e Cidadania<\/title>\n<meta name=\"description\" content=\"Autoriza\u00e7\u00e3o de resid\u00eancia permanente do Panam\u00e1 para brasileiros e portugueses atrav\u00e9s do Panam\u00e1 Visto de Na\u00e7\u00f5es Amigas. Para os angolanos Visto Profissional\" \/>\n<meta name=\"robots\" content=\"index, follow, max-snippet:-1, max-image-preview:large, max-video-preview:-1\" \/>\n<link rel=\"canonical\" href=\"https:\/\/tucanoprod.com\/pt-br\/panama-autorizacao-de-residencia-permanente-cidadania\/\" \/>\n<meta property=\"og:locale\" content=\"pt_BR\" \/>\n<meta property=\"og:type\" content=\"article\" \/>\n<meta property=\"og:title\" content=\"Panam\u00e1 Autoriza\u00e7\u00e3o de Resid\u00eancia Permanente e Cidadania\" \/>\n<meta property=\"og:description\" content=\"Autoriza\u00e7\u00e3o de resid\u00eancia permanente do Panam\u00e1 para brasileiros e portugueses atrav\u00e9s do Panam\u00e1 Visto de Na\u00e7\u00f5es Amigas. Para os angolanos Visto Profissional\" \/>\n<meta property=\"og:url\" content=\"https:\/\/tucanoprod.com\/pt-br\/panama-autorizacao-de-residencia-permanente-cidadania\/\" \/>\n<meta property=\"og:site_name\" content=\"Resid\u00eancia Cidadania Imigra\u00e7\u00e3o\" \/>\n<meta property=\"article:modified_time\" content=\"2020-04-22T16:08:35+00:00\" \/>\n<meta property=\"og:image\" content=\"https:\/\/www.tucanoprod.com\/wp-content\/uploads\/2016\/03\/rsz_panama_professional_visa.jpg\" \/>\n<meta name=\"twitter:label1\" content=\"Est. tempo de leitura\" \/>\n\t<meta name=\"twitter:data1\" content=\"5 minutos\" \/>\n<script type=\"application\/ld+json\" class=\"yoast-schema-graph\">{\"@context\":\"https:\\\/\\\/schema.org\",\"@graph\":[{\"@type\":\"WebPage\",\"@id\":\"https:\\\/\\\/tucanoprod.com\\\/pt-br\\\/panama-autorizacao-de-residencia-permanente-cidadania\\\/\",\"url\":\"https:\\\/\\\/tucanoprod.com\\\/pt-br\\\/panama-autorizacao-de-residencia-permanente-cidadania\\\/\",\"name\":\"Panam\u00e1 Autoriza\u00e7\u00e3o de Resid\u00eancia Permanente e Cidadania\",\"isPartOf\":{\"@id\":\"https:\\\/\\\/tucanoprod.com\\\/en\\\/#website\"},\"primaryImageOfPage\":{\"@id\":\"https:\\\/\\\/tucanoprod.com\\\/pt-br\\\/panama-autorizacao-de-residencia-permanente-cidadania\\\/#primaryimage\"},\"image\":{\"@id\":\"https:\\\/\\\/tucanoprod.com\\\/pt-br\\\/panama-autorizacao-de-residencia-permanente-cidadania\\\/#primaryimage\"},\"thumbnailUrl\":\"https:\\\/\\\/www.tucanoprod.com\\\/wp-content\\\/uploads\\\/2016\\\/03\\\/rsz_panama_professional_visa.jpg\",\"datePublished\":\"2016-04-10T21:39:12+00:00\",\"dateModified\":\"2020-04-22T16:08:35+00:00\",\"description\":\"Autoriza\u00e7\u00e3o de resid\u00eancia permanente do Panam\u00e1 para brasileiros e portugueses atrav\u00e9s do Panam\u00e1 Visto de Na\u00e7\u00f5es Amigas. Para os angolanos Visto Profissional\",\"breadcrumb\":{\"@id\":\"https:\\\/\\\/tucanoprod.com\\\/pt-br\\\/panama-autorizacao-de-residencia-permanente-cidadania\\\/#breadcrumb\"},\"inLanguage\":\"pt-BR\",\"potentialAction\":[{\"@type\":\"ReadAction\",\"target\":[\"https:\\\/\\\/tucanoprod.com\\\/pt-br\\\/panama-autorizacao-de-residencia-permanente-cidadania\\\/\"]}]},{\"@type\":\"ImageObject\",\"inLanguage\":\"pt-BR\",\"@id\":\"https:\\\/\\\/tucanoprod.com\\\/pt-br\\\/panama-autorizacao-de-residencia-permanente-cidadania\\\/#primaryimage\",\"url\":\"https:\\\/\\\/www.tucanoprod.com\\\/wp-content\\\/uploads\\\/2016\\\/03\\\/rsz_panama_professional_visa.jpg\",\"contentUrl\":\"https:\\\/\\\/www.tucanoprod.com\\\/wp-content\\\/uploads\\\/2016\\\/03\\\/rsz_panama_professional_visa.jpg\"},{\"@type\":\"BreadcrumbList\",\"@id\":\"https:\\\/\\\/tucanoprod.com\\\/pt-br\\\/panama-autorizacao-de-residencia-permanente-cidadania\\\/#breadcrumb\",\"itemListElement\":[{\"@type\":\"ListItem\",\"position\":1,\"name\":\"P\u00e1gina Inicial\",\"item\":\"https:\\\/\\\/tucanoprod.com\\\/pt-br\\\/\"},{\"@type\":\"ListItem\",\"position\":2,\"name\":\"Panam\u00e1 Autoriza\u00e7\u00e3o de Resid\u00eancia Permanente e Cidadania\"}]},{\"@type\":\"WebSite\",\"@id\":\"https:\\\/\\\/tucanoprod.com\\\/en\\\/#website\",\"url\":\"https:\\\/\\\/tucanoprod.com\\\/en\\\/\",\"name\":\"Resid\u00eancia Cidadania Imigra\u00e7\u00e3o\",\"description\":\"\",\"potentialAction\":[{\"@type\":\"SearchAction\",\"target\":{\"@type\":\"EntryPoint\",\"urlTemplate\":\"https:\\\/\\\/tucanoprod.com\\\/en\\\/?s={search_term_string}\"},\"query-input\":{\"@type\":\"PropertyValueSpecification\",\"valueRequired\":true,\"valueName\":\"search_term_string\"}}],\"inLanguage\":\"pt-BR\"}]}<\/script>\n<!-- \/ Yoast SEO plugin. -->","yoast_head_json":{"title":"Panam\u00e1 Autoriza\u00e7\u00e3o de Resid\u00eancia Permanente e Cidadania","description":"Autoriza\u00e7\u00e3o de resid\u00eancia permanente do Panam\u00e1 para brasileiros e portugueses atrav\u00e9s do Panam\u00e1 Visto de Na\u00e7\u00f5es Amigas. Para os angolanos Visto Profissional","robots":{"index":"index","follow":"follow","max-snippet":"max-snippet:-1","max-image-preview":"max-image-preview:large","max-video-preview":"max-video-preview:-1"},"canonical":"https:\/\/tucanoprod.com\/pt-br\/panama-autorizacao-de-residencia-permanente-cidadania\/","og_locale":"pt_BR","og_type":"article","og_title":"Panam\u00e1 Autoriza\u00e7\u00e3o de Resid\u00eancia Permanente e Cidadania","og_description":"Autoriza\u00e7\u00e3o de resid\u00eancia permanente do Panam\u00e1 para brasileiros e portugueses atrav\u00e9s do Panam\u00e1 Visto de Na\u00e7\u00f5es Amigas. Para os angolanos Visto Profissional","og_url":"https:\/\/tucanoprod.com\/pt-br\/panama-autorizacao-de-residencia-permanente-cidadania\/","og_site_name":"Resid\u00eancia Cidadania Imigra\u00e7\u00e3o","article_modified_time":"2020-04-22T16:08:35+00:00","og_image":[{"url":"https:\/\/www.tucanoprod.com\/wp-content\/uploads\/2016\/03\/rsz_panama_professional_visa.jpg","type":"","width":"","height":""}],"twitter_misc":{"Est. tempo de leitura":"5 minutos"},"schema":{"@context":"https:\/\/schema.org","@graph":[{"@type":"WebPage","@id":"https:\/\/tucanoprod.com\/pt-br\/panama-autorizacao-de-residencia-permanente-cidadania\/","url":"https:\/\/tucanoprod.com\/pt-br\/panama-autorizacao-de-residencia-permanente-cidadania\/","name":"Panam\u00e1 Autoriza\u00e7\u00e3o de Resid\u00eancia Permanente e Cidadania","isPartOf":{"@id":"https:\/\/tucanoprod.com\/en\/#website"},"primaryImageOfPage":{"@id":"https:\/\/tucanoprod.com\/pt-br\/panama-autorizacao-de-residencia-permanente-cidadania\/#primaryimage"},"image":{"@id":"https:\/\/tucanoprod.com\/pt-br\/panama-autorizacao-de-residencia-permanente-cidadania\/#primaryimage"},"thumbnailUrl":"https:\/\/www.tucanoprod.com\/wp-content\/uploads\/2016\/03\/rsz_panama_professional_visa.jpg","datePublished":"2016-04-10T21:39:12+00:00","dateModified":"2020-04-22T16:08:35+00:00","description":"Autoriza\u00e7\u00e3o de resid\u00eancia permanente do Panam\u00e1 para brasileiros e portugueses atrav\u00e9s do Panam\u00e1 Visto de Na\u00e7\u00f5es Amigas. Para os angolanos Visto Profissional","breadcrumb":{"@id":"https:\/\/tucanoprod.com\/pt-br\/panama-autorizacao-de-residencia-permanente-cidadania\/#breadcrumb"},"inLanguage":"pt-BR","potentialAction":[{"@type":"ReadAction","target":["https:\/\/tucanoprod.com\/pt-br\/panama-autorizacao-de-residencia-permanente-cidadania\/"]}]},{"@type":"ImageObject","inLanguage":"pt-BR","@id":"https:\/\/tucanoprod.com\/pt-br\/panama-autorizacao-de-residencia-permanente-cidadania\/#primaryimage","url":"https:\/\/www.tucanoprod.com\/wp-content\/uploads\/2016\/03\/rsz_panama_professional_visa.jpg","contentUrl":"https:\/\/www.tucanoprod.com\/wp-content\/uploads\/2016\/03\/rsz_panama_professional_visa.jpg"},{"@type":"BreadcrumbList","@id":"https:\/\/tucanoprod.com\/pt-br\/panama-autorizacao-de-residencia-permanente-cidadania\/#breadcrumb","itemListElement":[{"@type":"ListItem","position":1,"name":"P\u00e1gina Inicial","item":"https:\/\/tucanoprod.com\/pt-br\/"},{"@type":"ListItem","position":2,"name":"Panam\u00e1 Autoriza\u00e7\u00e3o de Resid\u00eancia Permanente e Cidadania"}]},{"@type":"WebSite","@id":"https:\/\/tucanoprod.com\/en\/#website","url":"https:\/\/tucanoprod.com\/en\/","name":"Resid\u00eancia Cidadania Imigra\u00e7\u00e3o","description":"","potentialAction":[{"@type":"SearchAction","target":{"@type":"EntryPoint","urlTemplate":"https:\/\/tucanoprod.com\/en\/?s={search_term_string}"},"query-input":{"@type":"PropertyValueSpecification","valueRequired":true,"valueName":"search_term_string"}}],"inLanguage":"pt-BR"}]}},"_links":{"self":[{"href":"https:\/\/tucanoprod.com\/pt-br\/wp-json\/wp\/v2\/pages\/612","targetHints":{"allow":["GET"]}}],"collection":[{"href":"https:\/\/tucanoprod.com\/pt-br\/wp-json\/wp\/v2\/pages"}],"about":[{"href":"https:\/\/tucanoprod.com\/pt-br\/wp-json\/wp\/v2\/types\/page"}],"author":[{"embeddable":true,"href":"https:\/\/tucanoprod.com\/pt-br\/wp-json\/wp\/v2\/users\/1"}],"replies":[{"embeddable":true,"href":"https:\/\/tucanoprod.com\/pt-br\/wp-json\/wp\/v2\/comments?post=612"}],"version-history":[{"count":3,"href":"https:\/\/tucanoprod.com\/pt-br\/wp-json\/wp\/v2\/pages\/612\/revisions"}],"predecessor-version":[{"id":2521,"href":"https:\/\/tucanoprod.com\/pt-br\/wp-json\/wp\/v2\/pages\/612\/revisions\/2521"}],"wp:attachment":[{"href":"https:\/\/tucanoprod.com\/pt-br\/wp-json\/wp\/v2\/media?parent=612"}],"curies":[{"name":"wp","href":"https:\/\/api.w.org\/{rel}","templated":true}]}}