{"id":586,"date":"2016-03-21T22:43:47","date_gmt":"2016-03-21T22:43:47","guid":{"rendered":"https:\/\/www.tucanoprod.com\/?page_id=586&#038;lang=pt-br"},"modified":"2020-04-22T16:43:19","modified_gmt":"2020-04-22T16:43:19","slug":"paraguai-autorizacao-de-residencia-permanente","status":"publish","type":"page","link":"https:\/\/tucanoprod.com\/pt-br\/paraguai-autorizacao-de-residencia-permanente\/","title":{"rendered":"Paraguai Autoriza\u00e7\u00e3o de Resid\u00eancia Permanente"},"content":{"rendered":"<p>Paraguai Autoriza\u00e7\u00e3o de Resid\u00eancia Permanente \u00e9 o produto do mercado da imigra\u00e7\u00e3o mais barato, simples e mais efectiva de imposto sobre o rendimento.<\/p>\n<h2>Custo Autoriza\u00e7\u00e3o de Resid\u00eancia Permanente do Paraguai<\/h2>\n<p>Para candidato \u00fanico:<\/p>\n<ul>\n<li>Custos Legais e ag\u00eancias: <strong>a partir de 1200 USD <\/strong>(inclui os seguintes custos:\u00a0Impostos e taxas de administra\u00e7\u00e3o governamental)<\/li>\n<li>Deposito como Prova da Solv\u00eancia:\u00a0<strong>Gs. 27.476.750<\/strong>, (aproximadamente 5000 USD o valor exato do dep\u00f3sito depende das taxas de c\u00e2mbio di\u00e1rias.) A\u00a0montante \u00e9 depositado na conta banc\u00e1ria pr\u00f3pria do candidato e pode ser transferido ou retirado, ap\u00f3s do processo.<\/li>\n<\/ul>\n<p>Membros da fam\u00edlia: custos legais e ag\u00eancias: a partir de 1000 USD<\/p>\n<h2>Quem pode aplicar para ser residente permanente no Paraguai?<\/h2>\n<p>Os candidatos com um registro criminal limpo pode aplicar-se, sem quaisquer restri\u00e7\u00f5es do pa\u00eds. O Paraguai \u00e9 um pa\u00eds muito acolhedor, que precisa de imigrantes qualificados e investidores para desenvolver a economia mais r\u00e1pido.<\/p>\n<h2>Documentos necessarios para morar no paraguai<\/h2>\n<p>1. Passaporte<br \/>\n2. Antecedentes Criminais<br \/>\n3. Certid\u00e3o de nascimento<br \/>\n4. Certid\u00e3o de casamento ou div\u00f3rcio<br \/>\n5. Atestado m\u00e9dico (deve ser emitido no Paraguai)<br \/>\n6. Certificado de vida e de resid\u00eancia (deve ser emitido no Paraguai)<br \/>\n7. Declara\u00e7\u00e3o (deve ser emitido no Paraguai)<br \/>\n8. Documento emitido pela Pol\u00edcia Nacional, Departamento de Identifica\u00e7\u00f5es Paraguai<\/p>\n<p>Os documentos (exceto aqueles, que ser\u00e1 emitido no Paraguai) devem ser traduzidos oficialmente para o <a href=\"https:\/\/tucanoprod.com\/wp-content\/uploads\/2016\/03\/rsz_rsz_4433267628_99fd6b2bb9_o-1.jpg\" rel=\"attachment wp-att-562\"><img decoding=\"async\" class=\"size-full wp-image-1598 alignright\" src=\"https:\/\/tucanoprod.com\/wp-content\/uploads\/2016\/03\/rsz_rsz_4433267628_99fd6b2bb9_o-1.jpg\" alt=\"Paraguai Autoriza\u00e7\u00e3o de Resid\u00eancia Permanente\" width=\"200\" height=\"134\" \/><\/a>espanhol, copiado e deve ter Apostille. Se o pa\u00eds do candidato n\u00e3o pode emitir documentos com Apostille, os documentos podem ser validados na embaixada ou consulado mais pr\u00f3ximo do Paraguai.<\/p>\n<h2>Prazos de tempo do processo Paraguai Autoriza\u00e7\u00e3o Permanente de Resid\u00eancia<\/h2>\n<p>O processo de obten\u00e7\u00e3o de Autoriza\u00e7\u00e3o de Resid\u00eancia Permanente do Paraguai leva at\u00e9 90 dias a partir da apresenta\u00e7\u00e3o do pedido, mas geralmente o Minist\u00e9rio emite as autoriza\u00e7\u00f5es de resid\u00eancia em 70 dias. O cart\u00e3o de identifica\u00e7\u00e3o do Paraguai deve ser emitida no m\u00e1ximo de seis meses ap\u00f3s a emiss\u00e3o da autoriza\u00e7\u00e3o de resid\u00eancia permanente.<\/p>\n<h2>Presen\u00e7a pessoal durante ao processo de imigra\u00e7\u00e3o no Paraguai<\/h2>\n<p><a href=\"https:\/\/tucanoprod.com\/wp-content\/uploads\/2016\/03\/rsz_1rsz_paraguaiautorizacaoderesidenciapermanente1.jpg\" rel=\"attachment wp-att-594\"><img decoding=\"async\" class=\" wp-image-1606 alignleft\" src=\"https:\/\/tucanoprod.com\/wp-content\/uploads\/2016\/03\/rsz_1rsz_paraguaiautorizacaoderesidenciapermanente1.jpg\" alt=\"Paraguai Autoriza\u00e7\u00e3o de Resid\u00eancia Permanente\" width=\"201\" height=\"118\" \/><\/a>O candidato deve viajar duas vezes para o Paraguai durante o processo. A apresenta\u00e7\u00e3o do pedido leva apenas tr\u00eas dias (abertura de conta banc\u00e1ria para o dep\u00f3sito, exame m\u00e9dico, etc). Ap\u00f3s o residente obtido a licen\u00e7a, ele ou ela tem seis meses para solicitar o cart\u00e3o de identifica\u00e7\u00e3o do Paraguai. Este processo leva at\u00e9 dois dias. Depois, o residente paermanente\u00a0deve visitar Paraguai uma vez em tr\u00eas anos.<\/p>\n<h2>Vantagens da autoriza\u00e7\u00e3o de resid\u00eancia permanente do Paraguai<\/h2>\n<p>&#8211; O direito de viver e trabalhar no Paraguai<br \/>\n&#8211; O status de residente permanente do Paraguai pode ser mantida sem estar continuamente presente no Paraguai<br \/>\n&#8211; Rendimentos de origem estrangeira que n\u00e3o vivem no Paraguai s\u00e3o isentas de impostos devido ao sistema fiscal &#8220;territorial&#8221; (ver abaixo)<br \/>\n&#8211; O Paraguai \u00e9 um pa\u00eds est\u00e1vel na Am\u00e9rica do Sul e membro do MERCOSUL com um dos maiores aumentos do PIB no mundo.<br \/>\n&#8211; Viver no Paraguai \u00e9 barato<br \/>\n&#8211; O espanhol \u00e9 o idioma principal no Paraguai<\/p>\n<h2>Passos pr\u00e1ticos durante o processo de obten\u00e7\u00e3o de autoriza\u00e7\u00e3o de resid\u00eancia permanente do Paraguai<\/h2>\n<p>1. O candidato deve recolher e validar os documentos necess\u00e1rios e enviar para o advogado de imigra\u00e7\u00e3o no Paraguai.<\/p>\n<p>2. O candidato viaja ao Paraguai:<\/p>\n<p>a. Abre conta banc\u00e1ria pessoal para o dep\u00f3sito<\/p>\n<p>b. Exame m\u00e9dico<\/p>\n<p>c. Declara\u00e7\u00e3o<\/p>\n<p>d. Apresenta\u00e7\u00e3o do pedido na Oficina de Imigra\u00e7\u00e3o<\/p>\n<p>A Oficina de Imigra\u00e7\u00e3o emite o cart\u00e3o de autoriza\u00e7\u00e3o de resid\u00eancia permanente em 90 dias. O cart\u00e3o \u00e9 v\u00e1lido por cinco anos.<\/p>\n<p>3. O advogado de imigra\u00e7\u00e3o pode pegar a autoriza\u00e7\u00e3o de resid\u00eancia com o poder de advogado e pode envi\u00e1-lo para o residente com o correio.<\/p>\n<p>4. O dep\u00f3sito (5000 USD), pode ser retirado ou transferido da conta pessoal do residente permanente.<\/p>\n<p>5. O residente permanente deve viajar ao Paraguai para solicitar o cart\u00e3o de identidade em seis meses.<\/p>\n<h3>Impostos no Paraguai para residentes permanentes<\/h3>\n<p>Renda de fonte estrangeira \u00e9 isenta de impostos no Paraguai, quando o residente n\u00e3o vive em Paraguai. Moradores come\u00e7am a pagar imposto de renda sobre uma renda gerida em Paraguai de pelo menos 22,500 USD.\u00a0Voc\u00ea pode <a href=\"https:\/\/www.tucanoprod.com\/pt-br\/imposto-de-renda-paraguai-imposto-sobre-o-renda-corporativa-pessoa-fisica-paraguai\/\" target=\"_blank\" rel=\"noopener noreferrer\">encontrar aqui informa\u00e7\u00f5es sobre o imposto de renda no Paraguai (para pessoas f\u00edsicas e empresas)!<\/a><\/p>\n<h3>Manuten\u00e7\u00e3o do status de residente permanente<\/h3>\n<p>O residente permanente n\u00e3o tem de viver em Paraguai. O residente permanente\u00a0deve visitar Paraguai uma vez em tr\u00eas anos.<\/p>\n<h2>Cidadania do Paraguai<\/h2>\n<p>Existem v\u00e1rias informa\u00e7\u00f5es enganosas sobre o processo de obten\u00e7\u00e3o da cidadania do Paraguai. A <a href=\"https:\/\/tucanoprod.com\/wp-content\/uploads\/2016\/03\/rsz_paraguaiautoriza\u00e7\u00e3oderesid\u00eanciapermanente.jpg\" rel=\"attachment wp-att-591\"><img decoding=\"async\" class=\"wp-image-1604 alignright\" src=\"https:\/\/tucanoprod.com\/wp-content\/uploads\/2016\/03\/rsz_paraguaiautoriza\u00e7\u00e3oderesid\u00eanciapermanente.jpg\" alt=\"Paraguai Autoriza\u00e7\u00e3o de Resid\u00eancia Permanente\" width=\"204\" height=\"136\" \/><\/a>verdade \u00e9 que residentes devem viver cinco anos no Paraguai para poder se aplicar por o passaporte de Paraguai. Isto significa, que o residente deve passar mais de 183 dias no Paraguai durante cinco anos para poder obter a cidadania do Paraguai. Somente os membros da fam\u00edlia de cidad\u00e3os podem obter cidadania paraguaia ap\u00f3s tr\u00eas anos.\u00a0<a href=\"https:\/\/www.tucanoprod.com\/pt-br\/cidadania-paraguaia-como-obter-passaporte-paraguaio\/\" target=\"_blank\" rel=\"noopener noreferrer\">Todas as informa\u00e7\u00f5es aqui sobre a cidadania do Paraguai!<\/a><\/p>\n<h2>Custo de vida no Paraguai<\/h2>\n<p>Os custos do Paraguai sao muitos efectivos. Todos os custos necess\u00e1rios de viver em Paraguai est\u00e3o <a href=\"https:\/\/www.numbeo.com\/cost-of-living\/country_result.jsp?country=Paraguay\" target=\"_blank\" rel=\"noopener noreferrer\">AQUI<\/a>.<\/p>\n<p>Est\u00e1 interessado em obter Paraguai Autoriza\u00e7\u00e3o de Resid\u00eancia Permanente? <a href=\"https:\/\/www.tucanoprod.com\/contato\/?lang=pt-br\">Pergunte aqui para a consulta gratuita!<\/a><\/p>\n<p><a href=\"https:\/\/www.tucanoprod.com\/pt-br\/paraguai-visto-de-estudante-e-permissao-de-residencia-temporaria\/\" target=\"_blank\" rel=\"noopener noreferrer\">Como obter visto de estudante em Paraguai?<\/a><\/p>\n","protected":false},"excerpt":{"rendered":"<p>Paraguai Autoriza\u00e7\u00e3o de Resid\u00eancia Permanente \u00e9 o produto do mercado  [&#8230;]<\/p>\n","protected":false},"author":1,"featured_media":0,"parent":0,"menu_order":0,"comment_status":"closed","ping_status":"closed","template":"","meta":{"footnotes":""},"class_list":["post-586","page","type-page","status-publish","hentry"],"yoast_head":"<!-- This site is optimized with the Yoast SEO plugin v27.5 - https:\/\/yoast.com\/product\/yoast-seo-wordpress\/ -->\n<title>Paraguai Autoriza\u00e7\u00e3o de Resid\u00eancia Permanente<\/title>\n<meta name=\"description\" content=\"Paraguai Autoriza\u00e7\u00e3o de Resid\u00eancia Permanente \u00e9 o produto do mercado da imigra\u00e7\u00e3o mais barato, simples e mais efectiva de imposto sobre o rendimento.\" \/>\n<meta name=\"robots\" content=\"index, follow, max-snippet:-1, max-image-preview:large, max-video-preview:-1\" \/>\n<link rel=\"canonical\" href=\"https:\/\/tucanoprod.com\/paraguay-allando-tartozkodasi-engedely\/\" \/>\n<meta property=\"og:locale\" content=\"pt_BR\" \/>\n<meta property=\"og:type\" content=\"article\" \/>\n<meta property=\"og:title\" content=\"Paraguai Autoriza\u00e7\u00e3o de Resid\u00eancia Permanente\" \/>\n<meta property=\"og:description\" content=\"Paraguai Autoriza\u00e7\u00e3o de Resid\u00eancia Permanente \u00e9 o produto do mercado da imigra\u00e7\u00e3o mais barato, simples e mais efectiva de imposto sobre o rendimento.\" \/>\n<meta property=\"og:url\" content=\"https:\/\/tucanoprod.com\/paraguay-allando-tartozkodasi-engedely\/\" \/>\n<meta property=\"og:site_name\" content=\"Resid\u00eancia Cidadania Imigra\u00e7\u00e3o\" \/>\n<meta property=\"article:modified_time\" content=\"2020-04-22T16:43:19+00:00\" \/>\n<meta property=\"og:image\" content=\"https:\/\/tucanoprod.com\/wp-content\/uploads\/2016\/03\/rsz_rsz_4433267628_99fd6b2bb9_o-1.jpg\" \/>\n<meta name=\"twitter:label1\" content=\"Est. tempo de leitura\" \/>\n\t<meta name=\"twitter:data1\" content=\"5 minutos\" \/>\n<script type=\"application\/ld+json\" class=\"yoast-schema-graph\">{\"@context\":\"https:\\\/\\\/schema.org\",\"@graph\":[{\"@type\":\"WebPage\",\"@id\":\"https:\\\/\\\/tucanoprod.com\\\/paraguay-allando-tartozkodasi-engedely\\\/\",\"url\":\"https:\\\/\\\/tucanoprod.com\\\/paraguay-allando-tartozkodasi-engedely\\\/\",\"name\":\"Paraguai Autoriza\u00e7\u00e3o de Resid\u00eancia Permanente\",\"isPartOf\":{\"@id\":\"https:\\\/\\\/tucanoprod.com\\\/en\\\/#website\"},\"primaryImageOfPage\":{\"@id\":\"https:\\\/\\\/tucanoprod.com\\\/paraguay-allando-tartozkodasi-engedely\\\/#primaryimage\"},\"image\":{\"@id\":\"https:\\\/\\\/tucanoprod.com\\\/paraguay-allando-tartozkodasi-engedely\\\/#primaryimage\"},\"thumbnailUrl\":\"https:\\\/\\\/tucanoprod.com\\\/wp-content\\\/uploads\\\/2016\\\/03\\\/rsz_rsz_4433267628_99fd6b2bb9_o-1.jpg\",\"datePublished\":\"2016-03-21T22:43:47+00:00\",\"dateModified\":\"2020-04-22T16:43:19+00:00\",\"description\":\"Paraguai Autoriza\u00e7\u00e3o de Resid\u00eancia Permanente \u00e9 o produto do mercado da imigra\u00e7\u00e3o mais barato, simples e mais efectiva de imposto sobre o rendimento.\",\"breadcrumb\":{\"@id\":\"https:\\\/\\\/tucanoprod.com\\\/paraguay-allando-tartozkodasi-engedely\\\/#breadcrumb\"},\"inLanguage\":\"pt-BR\",\"potentialAction\":[{\"@type\":\"ReadAction\",\"target\":[\"https:\\\/\\\/tucanoprod.com\\\/paraguay-allando-tartozkodasi-engedely\\\/\"]}]},{\"@type\":\"ImageObject\",\"inLanguage\":\"pt-BR\",\"@id\":\"https:\\\/\\\/tucanoprod.com\\\/paraguay-allando-tartozkodasi-engedely\\\/#primaryimage\",\"url\":\"https:\\\/\\\/tucanoprod.com\\\/wp-content\\\/uploads\\\/2016\\\/03\\\/rsz_rsz_4433267628_99fd6b2bb9_o-1.jpg\",\"contentUrl\":\"https:\\\/\\\/tucanoprod.com\\\/wp-content\\\/uploads\\\/2016\\\/03\\\/rsz_rsz_4433267628_99fd6b2bb9_o-1.jpg\"},{\"@type\":\"BreadcrumbList\",\"@id\":\"https:\\\/\\\/tucanoprod.com\\\/paraguay-allando-tartozkodasi-engedely\\\/#breadcrumb\",\"itemListElement\":[{\"@type\":\"ListItem\",\"position\":1,\"name\":\"P\u00e1gina Inicial\",\"item\":\"https:\\\/\\\/tucanoprod.com\\\/pt-br\\\/\"},{\"@type\":\"ListItem\",\"position\":2,\"name\":\"Paraguai Autoriza\u00e7\u00e3o de Resid\u00eancia Permanente\"}]},{\"@type\":\"WebSite\",\"@id\":\"https:\\\/\\\/tucanoprod.com\\\/en\\\/#website\",\"url\":\"https:\\\/\\\/tucanoprod.com\\\/en\\\/\",\"name\":\"Resid\u00eancia Cidadania Imigra\u00e7\u00e3o\",\"description\":\"\",\"potentialAction\":[{\"@type\":\"SearchAction\",\"target\":{\"@type\":\"EntryPoint\",\"urlTemplate\":\"https:\\\/\\\/tucanoprod.com\\\/en\\\/?s={search_term_string}\"},\"query-input\":{\"@type\":\"PropertyValueSpecification\",\"valueRequired\":true,\"valueName\":\"search_term_string\"}}],\"inLanguage\":\"pt-BR\"}]}<\/script>\n<!-- \/ Yoast SEO plugin. -->","yoast_head_json":{"title":"Paraguai Autoriza\u00e7\u00e3o de Resid\u00eancia Permanente","description":"Paraguai Autoriza\u00e7\u00e3o de Resid\u00eancia Permanente \u00e9 o produto do mercado da imigra\u00e7\u00e3o mais barato, simples e mais efectiva de imposto sobre o rendimento.","robots":{"index":"index","follow":"follow","max-snippet":"max-snippet:-1","max-image-preview":"max-image-preview:large","max-video-preview":"max-video-preview:-1"},"canonical":"https:\/\/tucanoprod.com\/paraguay-allando-tartozkodasi-engedely\/","og_locale":"pt_BR","og_type":"article","og_title":"Paraguai Autoriza\u00e7\u00e3o de Resid\u00eancia Permanente","og_description":"Paraguai Autoriza\u00e7\u00e3o de Resid\u00eancia Permanente \u00e9 o produto do mercado da imigra\u00e7\u00e3o mais barato, simples e mais efectiva de imposto sobre o rendimento.","og_url":"https:\/\/tucanoprod.com\/paraguay-allando-tartozkodasi-engedely\/","og_site_name":"Resid\u00eancia Cidadania Imigra\u00e7\u00e3o","article_modified_time":"2020-04-22T16:43:19+00:00","og_image":[{"url":"https:\/\/tucanoprod.com\/wp-content\/uploads\/2016\/03\/rsz_rsz_4433267628_99fd6b2bb9_o-1.jpg","type":"","width":"","height":""}],"twitter_misc":{"Est. tempo de leitura":"5 minutos"},"schema":{"@context":"https:\/\/schema.org","@graph":[{"@type":"WebPage","@id":"https:\/\/tucanoprod.com\/paraguay-allando-tartozkodasi-engedely\/","url":"https:\/\/tucanoprod.com\/paraguay-allando-tartozkodasi-engedely\/","name":"Paraguai Autoriza\u00e7\u00e3o de Resid\u00eancia Permanente","isPartOf":{"@id":"https:\/\/tucanoprod.com\/en\/#website"},"primaryImageOfPage":{"@id":"https:\/\/tucanoprod.com\/paraguay-allando-tartozkodasi-engedely\/#primaryimage"},"image":{"@id":"https:\/\/tucanoprod.com\/paraguay-allando-tartozkodasi-engedely\/#primaryimage"},"thumbnailUrl":"https:\/\/tucanoprod.com\/wp-content\/uploads\/2016\/03\/rsz_rsz_4433267628_99fd6b2bb9_o-1.jpg","datePublished":"2016-03-21T22:43:47+00:00","dateModified":"2020-04-22T16:43:19+00:00","description":"Paraguai Autoriza\u00e7\u00e3o de Resid\u00eancia Permanente \u00e9 o produto do mercado da imigra\u00e7\u00e3o mais barato, simples e mais efectiva de imposto sobre o rendimento.","breadcrumb":{"@id":"https:\/\/tucanoprod.com\/paraguay-allando-tartozkodasi-engedely\/#breadcrumb"},"inLanguage":"pt-BR","potentialAction":[{"@type":"ReadAction","target":["https:\/\/tucanoprod.com\/paraguay-allando-tartozkodasi-engedely\/"]}]},{"@type":"ImageObject","inLanguage":"pt-BR","@id":"https:\/\/tucanoprod.com\/paraguay-allando-tartozkodasi-engedely\/#primaryimage","url":"https:\/\/tucanoprod.com\/wp-content\/uploads\/2016\/03\/rsz_rsz_4433267628_99fd6b2bb9_o-1.jpg","contentUrl":"https:\/\/tucanoprod.com\/wp-content\/uploads\/2016\/03\/rsz_rsz_4433267628_99fd6b2bb9_o-1.jpg"},{"@type":"BreadcrumbList","@id":"https:\/\/tucanoprod.com\/paraguay-allando-tartozkodasi-engedely\/#breadcrumb","itemListElement":[{"@type":"ListItem","position":1,"name":"P\u00e1gina Inicial","item":"https:\/\/tucanoprod.com\/pt-br\/"},{"@type":"ListItem","position":2,"name":"Paraguai Autoriza\u00e7\u00e3o de Resid\u00eancia Permanente"}]},{"@type":"WebSite","@id":"https:\/\/tucanoprod.com\/en\/#website","url":"https:\/\/tucanoprod.com\/en\/","name":"Resid\u00eancia Cidadania Imigra\u00e7\u00e3o","description":"","potentialAction":[{"@type":"SearchAction","target":{"@type":"EntryPoint","urlTemplate":"https:\/\/tucanoprod.com\/en\/?s={search_term_string}"},"query-input":{"@type":"PropertyValueSpecification","valueRequired":true,"valueName":"search_term_string"}}],"inLanguage":"pt-BR"}]}},"_links":{"self":[{"href":"https:\/\/tucanoprod.com\/pt-br\/wp-json\/wp\/v2\/pages\/586","targetHints":{"allow":["GET"]}}],"collection":[{"href":"https:\/\/tucanoprod.com\/pt-br\/wp-json\/wp\/v2\/pages"}],"about":[{"href":"https:\/\/tucanoprod.com\/pt-br\/wp-json\/wp\/v2\/types\/page"}],"author":[{"embeddable":true,"href":"https:\/\/tucanoprod.com\/pt-br\/wp-json\/wp\/v2\/users\/1"}],"replies":[{"embeddable":true,"href":"https:\/\/tucanoprod.com\/pt-br\/wp-json\/wp\/v2\/comments?post=586"}],"version-history":[{"count":3,"href":"https:\/\/tucanoprod.com\/pt-br\/wp-json\/wp\/v2\/pages\/586\/revisions"}],"predecessor-version":[{"id":2526,"href":"https:\/\/tucanoprod.com\/pt-br\/wp-json\/wp\/v2\/pages\/586\/revisions\/2526"}],"wp:attachment":[{"href":"https:\/\/tucanoprod.com\/pt-br\/wp-json\/wp\/v2\/media?parent=586"}],"curies":[{"name":"wp","href":"https:\/\/api.w.org\/{rel}","templated":true}]}}