{"id":306,"date":"2015-07-23T08:47:37","date_gmt":"2015-07-23T08:47:37","guid":{"rendered":"https:\/\/www.tucanoprod.com\/?page_id=306"},"modified":"2018-05-03T13:26:36","modified_gmt":"2018-05-03T13:26:36","slug":"sobre-mim","status":"publish","type":"page","link":"https:\/\/tucanoprod.com\/pt-br\/sobre-mim\/","title":{"rendered":"Sobre mim"},"content":{"rendered":"<p>Eu Bence Z\u00e1konyi sou jornalista europeu, especialista em PR e marketing, conselheiro de imigra\u00e7\u00e3o, impostos, forma\u00e7\u00e3o de empresas internacionais e quest\u00f5es de outsourcing.<\/p>\n<p>Desde\u00a02008 eu sou editor-chefe de v\u00e1rios sites on-line sobre bancos privados, tributa\u00e7\u00e3o offshore e imigra\u00e7\u00e3o econ\u00f3mica \/ cidadania global.<\/p>\n<div id=\"attachment_1386\" style=\"width: 271px\" class=\"wp-caption alignleft\"><img decoding=\"async\" aria-describedby=\"caption-attachment-1386\" class=\" wp-image-1386\" src=\"https:\/\/www.tucanoprod.com\/wp-content\/uploads\/2018\/05\/rsz_20180430_093111.jpg\" alt=\"Bence_Zakonyi\" width=\"261\" height=\"196\" srcset=\"https:\/\/tucanoprod.com\/wp-content\/uploads\/2018\/05\/rsz_20180430_093111-200x150.jpg 200w, https:\/\/tucanoprod.com\/wp-content\/uploads\/2018\/05\/rsz_20180430_093111.jpg 300w\" sizes=\"(max-width: 261px) 100vw, 261px\" \/><p id=\"caption-attachment-1386\" class=\"wp-caption-text\">Bence Z\u00e1konyi<\/p><\/div>\n<p>Agora sou o dono de Tucanoprod.com, esta empresa oferece cidadanias e perrmissos de resid\u00eancia atrav\u00e9s de programas de investimento. Tenho muita experi\u00eancia na area de imigra\u00e7\u00e3o, porque tenho a sabedoria pessoal, ent\u00e3o eu realmente compreendo as tarefas de tributa\u00e7\u00e3o e de imigra\u00e7\u00e3o internacional.<\/p>\n<p>Eu estava envolvido como especialista em desenvolvimento dos programas de cidadania e resid\u00eancia atrav\u00e9s do investimento de v\u00e1rios estados soberanos e tamb\u00e9m na cria\u00e7\u00e3o de zonas econ\u00f3micas e especiais. Enquanto isso, recebi muitos pr\u00e9mios internacionais de prest\u00edgio (se voc\u00ea estiver interessado na minha carreira, por favor, verifique o meu perfil Linkedin e contate-me ou siga-me).<\/p>\n<p>Meu primeiro livro sobre programas de cidadania e resid\u00eancia foi publicado em 2014.\u00a0Meu segundo livro em ingl\u00eas sobre as solu\u00e7\u00f5es e leis de imigra\u00e7\u00e3o do Paraguai est\u00e1 <a href=\"https:\/\/www.amazon.com\/Paraguay-Citizenship-Permanent-Residence-Programs-ebook\/dp\/B07256JD97\" target=\"_blank\" rel=\"noopener\">dispon\u00edvel aqui.<\/a><\/p>\n<p style=\"text-align: justify;\">Contatos:<\/p>\n<p style=\"text-align: justify;\">Email: b.zakonyi@gmail.com<\/p>\n<p style=\"text-align: justify;\">Linkedin: https:\/\/www.linkedin.com\/pub\/bence-zakonyi\/42\/572\/92b<\/p>\n<p style=\"text-align: justify;\">Google+ : https:\/\/plus.google.com\/u\/0\/+BenceZ\u00e1konyi<\/p>\n<p style=\"text-align: justify;\">Twitter: @BenceZakonyi<\/p>\n","protected":false},"excerpt":{"rendered":"<p>Eu Bence Z\u00e1konyi sou jornalista europeu, especialista em PR e  [&#8230;]<\/p>\n","protected":false},"author":1,"featured_media":0,"parent":0,"menu_order":0,"comment_status":"closed","ping_status":"closed","template":"","meta":{"footnotes":""},"class_list":["post-306","page","type-page","status-publish","hentry"],"yoast_head":"<!-- This site is optimized with the Yoast SEO plugin v27.3 - https:\/\/yoast.com\/product\/yoast-seo-wordpress\/ -->\n<title>Sobre mim - Resid\u00eancia Cidadania Imigra\u00e7\u00e3o<\/title>\n<meta name=\"robots\" content=\"index, follow, max-snippet:-1, max-image-preview:large, max-video-preview:-1\" \/>\n<link rel=\"canonical\" href=\"https:\/\/tucanoprod.com\/pt-br\/sobre-mim\/\" \/>\n<meta property=\"og:locale\" content=\"pt_BR\" \/>\n<meta property=\"og:type\" content=\"article\" \/>\n<meta property=\"og:title\" content=\"Sobre mim - Resid\u00eancia Cidadania Imigra\u00e7\u00e3o\" \/>\n<meta property=\"og:description\" content=\"Eu Bence Z\u00e1konyi sou jornalista europeu, especialista em PR e [...]\" \/>\n<meta property=\"og:url\" content=\"https:\/\/tucanoprod.com\/pt-br\/sobre-mim\/\" \/>\n<meta property=\"og:site_name\" content=\"Resid\u00eancia Cidadania Imigra\u00e7\u00e3o\" \/>\n<meta property=\"article:modified_time\" content=\"2018-05-03T13:26:36+00:00\" \/>\n<meta property=\"og:image\" content=\"https:\/\/www.tucanoprod.com\/wp-content\/uploads\/2018\/05\/rsz_20180430_093111.jpg\" \/>\n<meta name=\"twitter:label1\" content=\"Est. tempo de leitura\" \/>\n\t<meta name=\"twitter:data1\" content=\"1 minuto\" \/>\n<script type=\"application\/ld+json\" class=\"yoast-schema-graph\">{\"@context\":\"https:\\\/\\\/schema.org\",\"@graph\":[{\"@type\":\"WebPage\",\"@id\":\"https:\\\/\\\/tucanoprod.com\\\/pt-br\\\/sobre-mim\\\/\",\"url\":\"https:\\\/\\\/tucanoprod.com\\\/pt-br\\\/sobre-mim\\\/\",\"name\":\"Sobre mim - Resid\u00eancia Cidadania Imigra\u00e7\u00e3o\",\"isPartOf\":{\"@id\":\"https:\\\/\\\/tucanoprod.com\\\/en\\\/#website\"},\"primaryImageOfPage\":{\"@id\":\"https:\\\/\\\/tucanoprod.com\\\/pt-br\\\/sobre-mim\\\/#primaryimage\"},\"image\":{\"@id\":\"https:\\\/\\\/tucanoprod.com\\\/pt-br\\\/sobre-mim\\\/#primaryimage\"},\"thumbnailUrl\":\"https:\\\/\\\/www.tucanoprod.com\\\/wp-content\\\/uploads\\\/2018\\\/05\\\/rsz_20180430_093111.jpg\",\"datePublished\":\"2015-07-23T08:47:37+00:00\",\"dateModified\":\"2018-05-03T13:26:36+00:00\",\"breadcrumb\":{\"@id\":\"https:\\\/\\\/tucanoprod.com\\\/pt-br\\\/sobre-mim\\\/#breadcrumb\"},\"inLanguage\":\"pt-BR\",\"potentialAction\":[{\"@type\":\"ReadAction\",\"target\":[\"https:\\\/\\\/tucanoprod.com\\\/pt-br\\\/sobre-mim\\\/\"]}]},{\"@type\":\"ImageObject\",\"inLanguage\":\"pt-BR\",\"@id\":\"https:\\\/\\\/tucanoprod.com\\\/pt-br\\\/sobre-mim\\\/#primaryimage\",\"url\":\"https:\\\/\\\/www.tucanoprod.com\\\/wp-content\\\/uploads\\\/2018\\\/05\\\/rsz_20180430_093111.jpg\",\"contentUrl\":\"https:\\\/\\\/www.tucanoprod.com\\\/wp-content\\\/uploads\\\/2018\\\/05\\\/rsz_20180430_093111.jpg\"},{\"@type\":\"BreadcrumbList\",\"@id\":\"https:\\\/\\\/tucanoprod.com\\\/pt-br\\\/sobre-mim\\\/#breadcrumb\",\"itemListElement\":[{\"@type\":\"ListItem\",\"position\":1,\"name\":\"P\u00e1gina Inicial\",\"item\":\"https:\\\/\\\/tucanoprod.com\\\/pt-br\\\/\"},{\"@type\":\"ListItem\",\"position\":2,\"name\":\"Sobre mim\"}]},{\"@type\":\"WebSite\",\"@id\":\"https:\\\/\\\/tucanoprod.com\\\/en\\\/#website\",\"url\":\"https:\\\/\\\/tucanoprod.com\\\/en\\\/\",\"name\":\"Resid\u00eancia Cidadania Imigra\u00e7\u00e3o\",\"description\":\"\",\"potentialAction\":[{\"@type\":\"SearchAction\",\"target\":{\"@type\":\"EntryPoint\",\"urlTemplate\":\"https:\\\/\\\/tucanoprod.com\\\/en\\\/?s={search_term_string}\"},\"query-input\":{\"@type\":\"PropertyValueSpecification\",\"valueRequired\":true,\"valueName\":\"search_term_string\"}}],\"inLanguage\":\"pt-BR\"}]}<\/script>\n<!-- \/ Yoast SEO plugin. -->","yoast_head_json":{"title":"Sobre mim - Resid\u00eancia Cidadania Imigra\u00e7\u00e3o","robots":{"index":"index","follow":"follow","max-snippet":"max-snippet:-1","max-image-preview":"max-image-preview:large","max-video-preview":"max-video-preview:-1"},"canonical":"https:\/\/tucanoprod.com\/pt-br\/sobre-mim\/","og_locale":"pt_BR","og_type":"article","og_title":"Sobre mim - Resid\u00eancia Cidadania Imigra\u00e7\u00e3o","og_description":"Eu Bence Z\u00e1konyi sou jornalista europeu, especialista em PR e [...]","og_url":"https:\/\/tucanoprod.com\/pt-br\/sobre-mim\/","og_site_name":"Resid\u00eancia Cidadania Imigra\u00e7\u00e3o","article_modified_time":"2018-05-03T13:26:36+00:00","og_image":[{"url":"https:\/\/www.tucanoprod.com\/wp-content\/uploads\/2018\/05\/rsz_20180430_093111.jpg","type":"","width":"","height":""}],"twitter_misc":{"Est. tempo de leitura":"1 minuto"},"schema":{"@context":"https:\/\/schema.org","@graph":[{"@type":"WebPage","@id":"https:\/\/tucanoprod.com\/pt-br\/sobre-mim\/","url":"https:\/\/tucanoprod.com\/pt-br\/sobre-mim\/","name":"Sobre mim - Resid\u00eancia Cidadania Imigra\u00e7\u00e3o","isPartOf":{"@id":"https:\/\/tucanoprod.com\/en\/#website"},"primaryImageOfPage":{"@id":"https:\/\/tucanoprod.com\/pt-br\/sobre-mim\/#primaryimage"},"image":{"@id":"https:\/\/tucanoprod.com\/pt-br\/sobre-mim\/#primaryimage"},"thumbnailUrl":"https:\/\/www.tucanoprod.com\/wp-content\/uploads\/2018\/05\/rsz_20180430_093111.jpg","datePublished":"2015-07-23T08:47:37+00:00","dateModified":"2018-05-03T13:26:36+00:00","breadcrumb":{"@id":"https:\/\/tucanoprod.com\/pt-br\/sobre-mim\/#breadcrumb"},"inLanguage":"pt-BR","potentialAction":[{"@type":"ReadAction","target":["https:\/\/tucanoprod.com\/pt-br\/sobre-mim\/"]}]},{"@type":"ImageObject","inLanguage":"pt-BR","@id":"https:\/\/tucanoprod.com\/pt-br\/sobre-mim\/#primaryimage","url":"https:\/\/www.tucanoprod.com\/wp-content\/uploads\/2018\/05\/rsz_20180430_093111.jpg","contentUrl":"https:\/\/www.tucanoprod.com\/wp-content\/uploads\/2018\/05\/rsz_20180430_093111.jpg"},{"@type":"BreadcrumbList","@id":"https:\/\/tucanoprod.com\/pt-br\/sobre-mim\/#breadcrumb","itemListElement":[{"@type":"ListItem","position":1,"name":"P\u00e1gina Inicial","item":"https:\/\/tucanoprod.com\/pt-br\/"},{"@type":"ListItem","position":2,"name":"Sobre mim"}]},{"@type":"WebSite","@id":"https:\/\/tucanoprod.com\/en\/#website","url":"https:\/\/tucanoprod.com\/en\/","name":"Resid\u00eancia Cidadania Imigra\u00e7\u00e3o","description":"","potentialAction":[{"@type":"SearchAction","target":{"@type":"EntryPoint","urlTemplate":"https:\/\/tucanoprod.com\/en\/?s={search_term_string}"},"query-input":{"@type":"PropertyValueSpecification","valueRequired":true,"valueName":"search_term_string"}}],"inLanguage":"pt-BR"}]}},"_links":{"self":[{"href":"https:\/\/tucanoprod.com\/pt-br\/wp-json\/wp\/v2\/pages\/306","targetHints":{"allow":["GET"]}}],"collection":[{"href":"https:\/\/tucanoprod.com\/pt-br\/wp-json\/wp\/v2\/pages"}],"about":[{"href":"https:\/\/tucanoprod.com\/pt-br\/wp-json\/wp\/v2\/types\/page"}],"author":[{"embeddable":true,"href":"https:\/\/tucanoprod.com\/pt-br\/wp-json\/wp\/v2\/users\/1"}],"replies":[{"embeddable":true,"href":"https:\/\/tucanoprod.com\/pt-br\/wp-json\/wp\/v2\/comments?post=306"}],"version-history":[{"count":0,"href":"https:\/\/tucanoprod.com\/pt-br\/wp-json\/wp\/v2\/pages\/306\/revisions"}],"wp:attachment":[{"href":"https:\/\/tucanoprod.com\/pt-br\/wp-json\/wp\/v2\/media?parent=306"}],"curies":[{"name":"wp","href":"https:\/\/api.w.org\/{rel}","templated":true}]}}