{"id":300,"date":"2015-07-23T08:43:45","date_gmt":"2015-07-23T08:43:45","guid":{"rendered":"https:\/\/www.tucanoprod.com\/?page_id=300"},"modified":"2017-02-19T18:22:12","modified_gmt":"2017-02-19T18:22:12","slug":"nacionalidade-cidadania-residencia-permanente-permissao","status":"publish","type":"page","link":"https:\/\/tucanoprod.com\/pt-br\/","title":{"rendered":"P\u00e1gina Inicial"},"content":{"rendered":"<div class=\"fusion-fullwidth fullwidth-box fusion-builder-row-1 nonhundred-percent-fullwidth non-hundred-percent-height-scrolling\" style=\"--awb-background-position:left top;--awb-border-radius-top-left:0px;--awb-border-radius-top-right:0px;--awb-border-radius-bottom-right:0px;--awb-border-radius-bottom-left:0px;--awb-padding-top:5px;--awb-padding-bottom:0px;--awb-border-sizes-top:0px;--awb-border-sizes-bottom:0px;--awb-flex-wrap:wrap;\" ><div class=\"fusion-builder-row fusion-row\">\n<div class=\"fusion-layout-column fusion_builder_column fusion-builder-column-0 fusion_builder_column_1_1 1_1 fusion-one-full fusion-column-first fusion-column-last fusion-column-no-min-height\" style=\"--awb-bg-size:cover;--awb-margin-bottom:0px;\"><div class=\"fusion-column-wrapper fusion-flex-column-wrapper-legacy\"><div class=\"fusion-title title fusion-title-1 fusion-title-text fusion-title-size-two\" style=\"--awb-margin-top-small:0px;--awb-margin-right-small:0px;--awb-margin-bottom-small:20px;--awb-margin-left-small:0px;\"><h2 class=\"fusion-title-heading title-heading-left\" style=\"margin:0;\">\u00daltimas Not\u00edcias<\/h2><span class=\"awb-title-spacer\"><\/span><div class=\"title-sep-container\"><div class=\"title-sep sep-double sep-solid\" style=\"border-color:#e0dede;\"><\/div><\/div><\/div>\n<div class=\"fusion-clearfix\"><\/div><\/div><\/div><div class=\"fusion-layout-column fusion_builder_column fusion-builder-column-1 fusion_builder_column_1_1 1_1 fusion-one-full fusion-column-first fusion-column-last fusion-column-no-min-height\" style=\"--awb-bg-size:cover;--awb-margin-bottom:0px;\"><div class=\"fusion-column-wrapper fusion-flex-column-wrapper-legacy\"><div class=\"fusion-recent-posts fusion-recent-posts-1 avada-container layout-default layout-columns-4\"><section class=\"fusion-columns columns fusion-columns-4 columns-4\"><article class=\"post fusion-column column col col-lg-3 col-md-3 col-sm-3 fusion-animated\" data-animationType=\"fadeInRight\" data-animationOffset=\"top-into-view\"><div class=\"fusion-flexslider fusion-flexslider-loading flexslider flexslider-hover-type-none\"><ul class=\"slides\"><li><a href=\"https:\/\/tucanoprod.com\/pt-br\/como-comprar-imoveis-no-paraguai-guia-pratico\/\" aria-label=\"Como estrangeiros podem comprar im\u00f3veis no Paraguai? (Guia Pr\u00e1tico)\" class=\"hover-type-none\"><img decoding=\"async\" width=\"240\" height=\"201\" src=\"https:\/\/tucanoprod.com\/wp-content\/uploads\/2020\/03\/rsz_how_to_buy_property_in_paraguay__2.png\" class=\"attachment-recent-posts size-recent-posts\" alt=\"\" srcset=\"https:\/\/tucanoprod.com\/wp-content\/uploads\/2020\/03\/rsz_how_to_buy_property_in_paraguay__2-200x168.png 200w, https:\/\/tucanoprod.com\/wp-content\/uploads\/2020\/03\/rsz_how_to_buy_property_in_paraguay__2.png 240w\" sizes=\"(max-width: 240px) 100vw, 240px\" \/><\/a><\/li><\/ul><\/div><div class=\"recent-posts-content\"><span class=\"vcard\" style=\"display: none;\"><span class=\"fn\"><a href=\"https:\/\/tucanoprod.com\/pt-br\/author\/tucanoprod\/\" title=\"Posts de tucanoprod\" rel=\"author\">tucanoprod<\/a><\/span><\/span><span class=\"updated\" style=\"display:none;\">2020-03-26T20:28:22+00:00<\/span><h4 class=\"entry-title\"><a href=\"https:\/\/tucanoprod.com\/pt-br\/como-comprar-imoveis-no-paraguai-guia-pratico\/\">Como estrangeiros podem comprar im\u00f3veis no Paraguai? (Guia Pr\u00e1tico)<\/a><\/h4><\/div><\/article><article class=\"post fusion-column column col col-lg-3 col-md-3 col-sm-3 fusion-animated\" data-animationType=\"fadeInRight\" data-animationOffset=\"top-into-view\"><div class=\"fusion-flexslider fusion-flexslider-loading flexslider flexslider-hover-type-none\"><ul class=\"slides\"><li><a href=\"https:\/\/tucanoprod.com\/pt-br\/imigracao-da-botsuana-residencia-por-programa-de-investimento-autorizacao-de-trabalho-e-cidadania\/\" aria-label=\"Imigra\u00e7\u00e3o da Botsuana, resid\u00eancia por programa de investimento, autoriza\u00e7\u00e3o de trabalho e cidadania\" class=\"hover-type-none\"><img decoding=\"async\" width=\"700\" height=\"441\" src=\"https:\/\/tucanoprod.com\/wp-content\/uploads\/2019\/03\/Botswana-Residency-by-Investment-Program-1-700x441.png\" class=\"attachment-recent-posts size-recent-posts\" alt=\"Botsuana cidadania, investimentos, imigracao, permisso de trabalho\" srcset=\"https:\/\/tucanoprod.com\/wp-content\/uploads\/2019\/03\/Botswana-Residency-by-Investment-Program-1-320x202.png 320w, https:\/\/tucanoprod.com\/wp-content\/uploads\/2019\/03\/Botswana-Residency-by-Investment-Program-1-700x441.png 700w\" sizes=\"(max-width: 700px) 100vw, 700px\" \/><\/a><\/li><\/ul><\/div><div class=\"recent-posts-content\"><span class=\"vcard\" style=\"display: none;\"><span class=\"fn\"><a href=\"https:\/\/tucanoprod.com\/pt-br\/author\/tucanoprod\/\" title=\"Posts de tucanoprod\" rel=\"author\">tucanoprod<\/a><\/span><\/span><span class=\"updated\" style=\"display:none;\">2019-03-05T11:21:14+00:00<\/span><h4 class=\"entry-title\"><a href=\"https:\/\/tucanoprod.com\/pt-br\/imigracao-da-botsuana-residencia-por-programa-de-investimento-autorizacao-de-trabalho-e-cidadania\/\">Imigra\u00e7\u00e3o da Botsuana, resid\u00eancia por programa de investimento, autoriza\u00e7\u00e3o de trabalho e cidadania<\/a><\/h4><\/div><\/article><article class=\"post fusion-column column col col-lg-3 col-md-3 col-sm-3 fusion-animated\" data-animationType=\"fadeInRight\" data-animationOffset=\"top-into-view\"><div class=\"fusion-flexslider fusion-flexslider-loading flexslider flexslider-hover-type-none\"><ul class=\"slides\"><li><a href=\"https:\/\/tucanoprod.com\/pt-br\/lista-de-escassez-de-profissionais-do-canada-em-2018\/\" aria-label=\"Lista de Escassez de Profissionais do Canad\u00e1 em 2018\" class=\"hover-type-none\"><img decoding=\"async\" width=\"700\" height=\"441\" src=\"https:\/\/tucanoprod.com\/wp-content\/uploads\/2018\/08\/Canada-Skill-Shortage-List-3-1-700x441.png\" class=\"attachment-recent-posts size-recent-posts\" alt=\"Lista de Escassez de Profissionais do Canad\u00e1\" srcset=\"https:\/\/tucanoprod.com\/wp-content\/uploads\/2018\/08\/Canada-Skill-Shortage-List-3-1-320x202.png 320w, https:\/\/tucanoprod.com\/wp-content\/uploads\/2018\/08\/Canada-Skill-Shortage-List-3-1-700x441.png 700w\" sizes=\"(max-width: 700px) 100vw, 700px\" \/><\/a><\/li><\/ul><\/div><div class=\"recent-posts-content\"><span class=\"vcard\" style=\"display: none;\"><span class=\"fn\"><a href=\"https:\/\/tucanoprod.com\/pt-br\/author\/tucanoprod\/\" title=\"Posts de tucanoprod\" rel=\"author\">tucanoprod<\/a><\/span><\/span><span class=\"updated\" style=\"display:none;\">2018-08-07T18:12:15+00:00<\/span><h4 class=\"entry-title\"><a href=\"https:\/\/tucanoprod.com\/pt-br\/lista-de-escassez-de-profissionais-do-canada-em-2018\/\">Lista de Escassez de Profissionais do Canad\u00e1 em 2018<\/a><\/h4><\/div><\/article><article class=\"post fusion-column column col col-lg-3 col-md-3 col-sm-3 fusion-animated\" data-animationType=\"fadeInRight\" data-animationOffset=\"top-into-view\"><div class=\"fusion-flexslider fusion-flexslider-loading flexslider flexslider-hover-type-none\"><ul class=\"slides\"><li><a href=\"https:\/\/tucanoprod.com\/pt-br\/canada-visto-e-imigracao-residencia-e-permissao-de-trabalho\/\" aria-label=\"Canad\u00e1 Visto e Imigra\u00e7\u00e3o: resid\u00eancia e permiss\u00e3o de trabalho\" class=\"hover-type-none\"><img decoding=\"async\" width=\"700\" height=\"441\" src=\"https:\/\/tucanoprod.com\/wp-content\/uploads\/2018\/07\/Kanada-Bev\u00e1ndorl\u00e1s-1-700x441.png\" class=\"attachment-recent-posts size-recent-posts\" alt=\"Imigra\u00e7\u00e3o Canad\u00e1\" srcset=\"https:\/\/tucanoprod.com\/wp-content\/uploads\/2018\/07\/Kanada-Bev\u00e1ndorl\u00e1s-1-320x202.png 320w, https:\/\/tucanoprod.com\/wp-content\/uploads\/2018\/07\/Kanada-Bev\u00e1ndorl\u00e1s-1-700x441.png 700w\" sizes=\"(max-width: 700px) 100vw, 700px\" \/><\/a><\/li><\/ul><\/div><div class=\"recent-posts-content\"><span class=\"vcard\" style=\"display: none;\"><span class=\"fn\"><a href=\"https:\/\/tucanoprod.com\/pt-br\/author\/tucanoprod\/\" title=\"Posts de tucanoprod\" rel=\"author\">tucanoprod<\/a><\/span><\/span><span class=\"updated\" style=\"display:none;\">2018-07-09T16:47:24+00:00<\/span><h4 class=\"entry-title\"><a href=\"https:\/\/tucanoprod.com\/pt-br\/canada-visto-e-imigracao-residencia-e-permissao-de-trabalho\/\">Canad\u00e1 Visto e Imigra\u00e7\u00e3o: resid\u00eancia e permiss\u00e3o de trabalho<\/a><\/h4><\/div><\/article><\/section><\/div><div class=\"fusion-clearfix\"><\/div><\/div><\/div><\/div><\/div>\n","protected":false},"excerpt":{"rendered":"","protected":false},"author":1,"featured_media":0,"parent":0,"menu_order":0,"comment_status":"closed","ping_status":"closed","template":"","meta":{"footnotes":""},"class_list":["post-300","page","type-page","status-publish","hentry"],"yoast_head":"<!-- This site is optimized with the Yoast SEO plugin v27.4 - https:\/\/yoast.com\/product\/yoast-seo-wordpress\/ -->\n<title>Segunda Nacionalidade Cidadania Passaporte<\/title>\n<meta name=\"description\" content=\"Programas Cidadania\/Nacionalidade\/Passaporte\/Autoriza\u00e7\u00e3o de Resid\u00eancia Permanente no Exterior Not\u00edcias de liberdade Pessoal e Financeiro por Bence Z\u00e1konyi\" \/>\n<meta name=\"robots\" content=\"index, follow, max-snippet:-1, max-image-preview:large, max-video-preview:-1\" \/>\n<link rel=\"canonical\" href=\"https:\/\/tucanoprod.com\/pt-br\/\" \/>\n<meta property=\"og:locale\" content=\"pt_BR\" \/>\n<meta property=\"og:type\" content=\"article\" \/>\n<meta property=\"og:title\" content=\"Segunda Nacionalidade Cidadania Passaporte\" \/>\n<meta property=\"og:description\" content=\"Programas Cidadania\/Nacionalidade\/Passaporte\/Autoriza\u00e7\u00e3o de Resid\u00eancia Permanente no Exterior Not\u00edcias de liberdade Pessoal e Financeiro por Bence Z\u00e1konyi\" \/>\n<meta property=\"og:url\" content=\"https:\/\/tucanoprod.com\/pt-br\/\" \/>\n<meta property=\"og:site_name\" content=\"Resid\u00eancia Cidadania Imigra\u00e7\u00e3o\" \/>\n<meta property=\"article:modified_time\" content=\"2017-02-19T18:22:12+00:00\" \/>\n<meta name=\"twitter:label1\" content=\"Est. tempo de leitura\" \/>\n\t<meta name=\"twitter:data1\" content=\"1 minuto\" \/>\n<script type=\"application\/ld+json\" class=\"yoast-schema-graph\">{\"@context\":\"https:\\\/\\\/schema.org\",\"@graph\":[{\"@type\":\"WebPage\",\"@id\":\"https:\\\/\\\/tucanoprod.com\\\/pt-br\\\/\",\"url\":\"https:\\\/\\\/tucanoprod.com\\\/pt-br\\\/\",\"name\":\"Segunda Nacionalidade Cidadania Passaporte\",\"isPartOf\":{\"@id\":\"https:\\\/\\\/tucanoprod.com\\\/en\\\/#website\"},\"datePublished\":\"2015-07-23T08:43:45+00:00\",\"dateModified\":\"2017-02-19T18:22:12+00:00\",\"description\":\"Programas Cidadania\\\/Nacionalidade\\\/Passaporte\\\/Autoriza\u00e7\u00e3o de Resid\u00eancia Permanente no Exterior Not\u00edcias de liberdade Pessoal e Financeiro por Bence Z\u00e1konyi\",\"breadcrumb\":{\"@id\":\"https:\\\/\\\/tucanoprod.com\\\/pt-br\\\/#breadcrumb\"},\"inLanguage\":\"pt-BR\",\"potentialAction\":[{\"@type\":\"ReadAction\",\"target\":[\"https:\\\/\\\/tucanoprod.com\\\/pt-br\\\/\"]}]},{\"@type\":\"BreadcrumbList\",\"@id\":\"https:\\\/\\\/tucanoprod.com\\\/pt-br\\\/#breadcrumb\",\"itemListElement\":[{\"@type\":\"ListItem\",\"position\":1,\"name\":\"P\u00e1gina Inicial\",\"item\":\"https:\\\/\\\/tucanoprod.com\\\/pt-br\\\/\"},{\"@type\":\"ListItem\",\"position\":2,\"name\":\"P\u00e1gina Inicial\"}]},{\"@type\":\"WebSite\",\"@id\":\"https:\\\/\\\/tucanoprod.com\\\/en\\\/#website\",\"url\":\"https:\\\/\\\/tucanoprod.com\\\/en\\\/\",\"name\":\"Resid\u00eancia Cidadania Imigra\u00e7\u00e3o\",\"description\":\"\",\"potentialAction\":[{\"@type\":\"SearchAction\",\"target\":{\"@type\":\"EntryPoint\",\"urlTemplate\":\"https:\\\/\\\/tucanoprod.com\\\/en\\\/?s={search_term_string}\"},\"query-input\":{\"@type\":\"PropertyValueSpecification\",\"valueRequired\":true,\"valueName\":\"search_term_string\"}}],\"inLanguage\":\"pt-BR\"}]}<\/script>\n<!-- \/ Yoast SEO plugin. -->","yoast_head_json":{"title":"Segunda Nacionalidade Cidadania Passaporte","description":"Programas Cidadania\/Nacionalidade\/Passaporte\/Autoriza\u00e7\u00e3o de Resid\u00eancia Permanente no Exterior Not\u00edcias de liberdade Pessoal e Financeiro por Bence Z\u00e1konyi","robots":{"index":"index","follow":"follow","max-snippet":"max-snippet:-1","max-image-preview":"max-image-preview:large","max-video-preview":"max-video-preview:-1"},"canonical":"https:\/\/tucanoprod.com\/pt-br\/","og_locale":"pt_BR","og_type":"article","og_title":"Segunda Nacionalidade Cidadania Passaporte","og_description":"Programas Cidadania\/Nacionalidade\/Passaporte\/Autoriza\u00e7\u00e3o de Resid\u00eancia Permanente no Exterior Not\u00edcias de liberdade Pessoal e Financeiro por Bence Z\u00e1konyi","og_url":"https:\/\/tucanoprod.com\/pt-br\/","og_site_name":"Resid\u00eancia Cidadania Imigra\u00e7\u00e3o","article_modified_time":"2017-02-19T18:22:12+00:00","twitter_misc":{"Est. tempo de leitura":"1 minuto"},"schema":{"@context":"https:\/\/schema.org","@graph":[{"@type":"WebPage","@id":"https:\/\/tucanoprod.com\/pt-br\/","url":"https:\/\/tucanoprod.com\/pt-br\/","name":"Segunda Nacionalidade Cidadania Passaporte","isPartOf":{"@id":"https:\/\/tucanoprod.com\/en\/#website"},"datePublished":"2015-07-23T08:43:45+00:00","dateModified":"2017-02-19T18:22:12+00:00","description":"Programas Cidadania\/Nacionalidade\/Passaporte\/Autoriza\u00e7\u00e3o de Resid\u00eancia Permanente no Exterior Not\u00edcias de liberdade Pessoal e Financeiro por Bence Z\u00e1konyi","breadcrumb":{"@id":"https:\/\/tucanoprod.com\/pt-br\/#breadcrumb"},"inLanguage":"pt-BR","potentialAction":[{"@type":"ReadAction","target":["https:\/\/tucanoprod.com\/pt-br\/"]}]},{"@type":"BreadcrumbList","@id":"https:\/\/tucanoprod.com\/pt-br\/#breadcrumb","itemListElement":[{"@type":"ListItem","position":1,"name":"P\u00e1gina Inicial","item":"https:\/\/tucanoprod.com\/pt-br\/"},{"@type":"ListItem","position":2,"name":"P\u00e1gina Inicial"}]},{"@type":"WebSite","@id":"https:\/\/tucanoprod.com\/en\/#website","url":"https:\/\/tucanoprod.com\/en\/","name":"Resid\u00eancia Cidadania Imigra\u00e7\u00e3o","description":"","potentialAction":[{"@type":"SearchAction","target":{"@type":"EntryPoint","urlTemplate":"https:\/\/tucanoprod.com\/en\/?s={search_term_string}"},"query-input":{"@type":"PropertyValueSpecification","valueRequired":true,"valueName":"search_term_string"}}],"inLanguage":"pt-BR"}]}},"_links":{"self":[{"href":"https:\/\/tucanoprod.com\/pt-br\/wp-json\/wp\/v2\/pages\/300","targetHints":{"allow":["GET"]}}],"collection":[{"href":"https:\/\/tucanoprod.com\/pt-br\/wp-json\/wp\/v2\/pages"}],"about":[{"href":"https:\/\/tucanoprod.com\/pt-br\/wp-json\/wp\/v2\/types\/page"}],"author":[{"embeddable":true,"href":"https:\/\/tucanoprod.com\/pt-br\/wp-json\/wp\/v2\/users\/1"}],"replies":[{"embeddable":true,"href":"https:\/\/tucanoprod.com\/pt-br\/wp-json\/wp\/v2\/comments?post=300"}],"version-history":[{"count":0,"href":"https:\/\/tucanoprod.com\/pt-br\/wp-json\/wp\/v2\/pages\/300\/revisions"}],"wp:attachment":[{"href":"https:\/\/tucanoprod.com\/pt-br\/wp-json\/wp\/v2\/media?parent=300"}],"curies":[{"name":"wp","href":"https:\/\/api.w.org\/{rel}","templated":true}]}}